{"id":3,"date":"2022-12-11T00:13:50","date_gmt":"2022-12-11T00:13:50","guid":{"rendered":"http:\/\/miklatam.com\/?page_id=3"},"modified":"2022-12-12T05:09:36","modified_gmt":"2022-12-12T05:09:36","slug":"privacy-policy","status":"publish","type":"page","link":"https:\/\/miklatam.com\/index.php\/privacy-policy\/","title":{"rendered":"Aviso de Privacidad"},"content":{"rendered":"\t\t<div data-elementor-type=\"wp-page\" data-elementor-id=\"3\" class=\"elementor elementor-3\">\n\t\t\t\t\t\t<section class=\"elementor-section elementor-top-section elementor-element elementor-element-3c13dd57 elementor-section-boxed elementor-section-height-default elementor-section-height-default\" data-id=\"3c13dd57\" data-element_type=\"section\">\n\t\t\t\t\t\t<div class=\"elementor-container elementor-column-gap-default\">\n\t\t\t\t\t<div class=\"elementor-column elementor-col-100 elementor-top-column elementor-element elementor-element-7c477825\" data-id=\"7c477825\" data-element_type=\"column\">\n\t\t\t<div class=\"elementor-widget-wrap elementor-element-populated\">\n\t\t\t\t\t\t<div class=\"elementor-element elementor-element-57e7243 elementor-widget elementor-widget-spacer\" data-id=\"57e7243\" data-element_type=\"widget\" data-widget_type=\"spacer.default\">\n\t\t\t\t<div class=\"elementor-widget-container\">\n\t\t\t<style>\/*! elementor - v3.23.0 - 05-08-2024 *\/\n.elementor-column .elementor-spacer-inner{height:var(--spacer-size)}.e-con{--container-widget-width:100%}.e-con-inner>.elementor-widget-spacer,.e-con>.elementor-widget-spacer{width:var(--container-widget-width,var(--spacer-size));--align-self:var(--container-widget-align-self,initial);--flex-shrink:0}.e-con-inner>.elementor-widget-spacer>.elementor-widget-container,.e-con>.elementor-widget-spacer>.elementor-widget-container{height:100%;width:100%}.e-con-inner>.elementor-widget-spacer>.elementor-widget-container>.elementor-spacer,.e-con>.elementor-widget-spacer>.elementor-widget-container>.elementor-spacer{height:100%}.e-con-inner>.elementor-widget-spacer>.elementor-widget-container>.elementor-spacer>.elementor-spacer-inner,.e-con>.elementor-widget-spacer>.elementor-widget-container>.elementor-spacer>.elementor-spacer-inner{height:var(--container-widget-height,var(--spacer-size))}.e-con-inner>.elementor-widget-spacer.elementor-widget-empty,.e-con>.elementor-widget-spacer.elementor-widget-empty{position:relative;min-height:22px;min-width:22px}.e-con-inner>.elementor-widget-spacer.elementor-widget-empty .elementor-widget-empty-icon,.e-con>.elementor-widget-spacer.elementor-widget-empty .elementor-widget-empty-icon{position:absolute;top:0;bottom:0;left:0;right:0;margin:auto;padding:0;width:22px;height:22px}<\/style>\t\t<div class=\"elementor-spacer\">\n\t\t\t<div class=\"elementor-spacer-inner\"><\/div>\n\t\t<\/div>\n\t\t\t\t<\/div>\n\t\t\t\t<\/div>\n\t\t\t\t<div class=\"elementor-element elementor-element-723bdf3 elementor-widget elementor-widget-heading\" data-id=\"723bdf3\" data-element_type=\"widget\" data-widget_type=\"heading.default\">\n\t\t\t\t<div class=\"elementor-widget-container\">\n\t\t\t<style>\/*! elementor - v3.23.0 - 05-08-2024 *\/\n.elementor-heading-title{padding:0;margin:0;line-height:1}.elementor-widget-heading .elementor-heading-title[class*=elementor-size-]>a{color:inherit;font-size:inherit;line-height:inherit}.elementor-widget-heading .elementor-heading-title.elementor-size-small{font-size:15px}.elementor-widget-heading .elementor-heading-title.elementor-size-medium{font-size:19px}.elementor-widget-heading .elementor-heading-title.elementor-size-large{font-size:29px}.elementor-widget-heading .elementor-heading-title.elementor-size-xl{font-size:39px}.elementor-widget-heading .elementor-heading-title.elementor-size-xxl{font-size:59px}<\/style><h2 class=\"elementor-heading-title elementor-size-default\">Aviso de Privacidad<\/h2>\t\t<\/div>\n\t\t\t\t<\/div>\n\t\t\t\t<div class=\"elementor-element elementor-element-e1a7a80 elementor-widget elementor-widget-heading\" data-id=\"e1a7a80\" data-element_type=\"widget\" data-widget_type=\"heading.default\">\n\t\t\t\t<div class=\"elementor-widget-container\">\n\t\t\t<h2 class=\"elementor-heading-title elementor-size-default\">Informaci\u00f3n del Responsable<\/h2>\t\t<\/div>\n\t\t\t\t<\/div>\n\t\t\t\t<div class=\"elementor-element elementor-element-d5d4f64 elementor-widget elementor-widget-text-editor\" data-id=\"d5d4f64\" data-element_type=\"widget\" data-widget_type=\"text-editor.default\">\n\t\t\t\t<div class=\"elementor-widget-container\">\n\t\t\t<style>\/*! elementor - v3.23.0 - 05-08-2024 *\/\n.elementor-widget-text-editor.elementor-drop-cap-view-stacked .elementor-drop-cap{background-color:#69727d;color:#fff}.elementor-widget-text-editor.elementor-drop-cap-view-framed .elementor-drop-cap{color:#69727d;border:3px solid;background-color:transparent}.elementor-widget-text-editor:not(.elementor-drop-cap-view-default) .elementor-drop-cap{margin-top:8px}.elementor-widget-text-editor:not(.elementor-drop-cap-view-default) .elementor-drop-cap-letter{width:1em;height:1em}.elementor-widget-text-editor .elementor-drop-cap{float:left;text-align:center;line-height:1;font-size:50px}.elementor-widget-text-editor .elementor-drop-cap-letter{display:inline-block}<\/style>\t\t\t\t<p><strong>MEDIZINISCHE INSTRUMENTE KUNST<\/strong>:\u00a0con domicilio en\u00a0<strong><u>Jorge Negrete Numero 119, C\u00f3digo Postal 76180, Colonia La Joya, Quer\u00e9taro, Quer\u00e9taro, M\u00e9xico<\/u><\/strong>, es responsable del tratamiento, uso y protecci\u00f3n de los datos personales que Usted, directa o indirectamente, nos ha proporcionado.<\/p>\n<p><strong>Informaci\u00f3n para\u00a0Contactarnos:<\/strong><\/p>\n<ul>\n<li>Domicilio:\u00a0Jorge Negrete Numero 119, C\u00f3digo Postal 76180, Colonia La Joya, Quer\u00e9taro, Quer\u00e9taro, M\u00e9xico.<\/li>\n<li>Tel\u00e9fono(s): 4429807547 y\/o 7775008044<\/li>\n<li>P\u00e1gina Web:www.miklatam.com<\/li>\n<li>Correo Electr\u00f3nico:\u00a0admin@miklatam.com<\/li>\n<\/ul>\t\t\t\t\t\t<\/div>\n\t\t\t\t<\/div>\n\t\t\t\t<div class=\"elementor-element elementor-element-6ac28d1 elementor-widget elementor-widget-heading\" data-id=\"6ac28d1\" data-element_type=\"widget\" data-widget_type=\"heading.default\">\n\t\t\t\t<div class=\"elementor-widget-container\">\n\t\t\t<h2 class=\"elementor-heading-title elementor-size-default\">\u00bfPara qu\u00e9 recabamos datos personales?<\/h2>\t\t<\/div>\n\t\t\t\t<\/div>\n\t\t\t\t<div class=\"elementor-element elementor-element-acf2b9c elementor-widget elementor-widget-text-editor\" data-id=\"acf2b9c\" data-element_type=\"widget\" data-widget_type=\"text-editor.default\">\n\t\t\t\t<div class=\"elementor-widget-container\">\n\t\t\t\t\t\t\t<p>Los datos personales se recaban para las siguientes finalidades:<\/p>\n<ul>\n<li>Si Usted es nuestro cliente, sus datos personales se utilizan para: A) Cotizar, intermediar y proveer los insumos o servicios requeridos o solicitados por Usted, B) Informarle sobre cambios, nuevos productos, servicios, coberturas, vencimientos y renovaciones de contratos, C) Realizar la cobranza de dichos contratos, D) Evaluar la calidad del servicio y F) Realizar estudios internos sobre h\u00e1bitos de consumo.<\/li>\n<li>Si a\u00fan no es nuestro cliente, sus datos personales se utilizan para fines de prospecci\u00f3n comercial.<\/li>\n<li>Si Usted visita nuestras oficinas e instalaciones, sus datos personales se guardan como identificaci\u00f3n y constancia de los actos y actividades realizados durante su visita.<\/li>\n<\/ul>\n<p>Trat\u00e1ndose de proveedores y socios de negocio, sus datos personales se utilizan para ofrecer y resolver sobre solicitudes de empleo o solicitudes para admisi\u00f3n como apoderado, asociado, socio de negocio y\/o proveedor<\/p>\t\t\t\t\t\t<\/div>\n\t\t\t\t<\/div>\n\t\t\t\t<div class=\"elementor-element elementor-element-08c2c48 elementor-widget elementor-widget-heading\" data-id=\"08c2c48\" data-element_type=\"widget\" data-widget_type=\"heading.default\">\n\t\t\t\t<div class=\"elementor-widget-container\">\n\t\t\t<h2 class=\"elementor-heading-title elementor-size-default\">\u00bfC\u00f3mo obtenemos los datos personales?<\/h2>\t\t<\/div>\n\t\t\t\t<\/div>\n\t\t\t\t<div class=\"elementor-element elementor-element-71fa6f0 elementor-widget elementor-widget-text-editor\" data-id=\"71fa6f0\" data-element_type=\"widget\" data-widget_type=\"text-editor.default\">\n\t\t\t\t<div class=\"elementor-widget-container\">\n\t\t\t\t\t\t\t<p>Podemos recabar datos personales de distintas formas:<\/p>\n<ul>\n<li>Cuando Usted nos los proporciona.<\/li>\n<li>Cuando visita nuestras oficinas o instalaciones.<\/li>\n<li>Cuando visita nuestro sitio de Internet o utiliza nuestros servicios en l\u00ednea.<\/li>\n<li>A trav\u00e9s de familiares o terceros conocidos de Usted.<\/li>\n<li>A trav\u00e9s de fuentes de acceso p\u00fablico, como directorios telef\u00f3nicos, bolsas de trabajo y redes sociales.<\/li>\n<\/ul>\t\t\t\t\t\t<\/div>\n\t\t\t\t<\/div>\n\t\t\t\t<div class=\"elementor-element elementor-element-dfd009f elementor-widget elementor-widget-heading\" data-id=\"dfd009f\" data-element_type=\"widget\" data-widget_type=\"heading.default\">\n\t\t\t\t<div class=\"elementor-widget-container\">\n\t\t\t<h2 class=\"elementor-heading-title elementor-size-default\">Datos personales de menores de edad y personas sujetas a estados de interdicci\u00f3n e incapacidad.<\/h2>\t\t<\/div>\n\t\t\t\t<\/div>\n\t\t\t\t<div class=\"elementor-element elementor-element-6946f84 elementor-widget elementor-widget-text-editor\" data-id=\"6946f84\" data-element_type=\"widget\" data-widget_type=\"text-editor.default\">\n\t\t\t\t<div class=\"elementor-widget-container\">\n\t\t\t\t\t\t\t<p>Si Usted nos llegare a proporcionar datos personales de menores de edad o de personas que se encuentren en estado de interdicci\u00f3n o incapacidad establecida por la ley, sin ser quien ejerza la patria potestad o, en su caso, su tutor o representante legal, deber\u00e1 proporcionarnos, por escrito, los datos de la persona correspondiente para hacer de su conocimiento este aviso de privacidad, a efecto de que, previa acreditaci\u00f3n de tal circunstancia, sea \u00e9sta quien pueda decidir sobre el consentimiento de tales datos personales con la misma libertad y facilidad como si fueran propios.<\/p>\t\t\t\t\t\t<\/div>\n\t\t\t\t<\/div>\n\t\t\t\t<div class=\"elementor-element elementor-element-48383f1 elementor-widget elementor-widget-heading\" data-id=\"48383f1\" data-element_type=\"widget\" data-widget_type=\"heading.default\">\n\t\t\t\t<div class=\"elementor-widget-container\">\n\t\t\t<h2 class=\"elementor-heading-title elementor-size-default\">Uso, divulgaci\u00f3n y resguardo de datos personales.<\/h2>\t\t<\/div>\n\t\t\t\t<\/div>\n\t\t\t\t<div class=\"elementor-element elementor-element-7897e8f elementor-widget elementor-widget-text-editor\" data-id=\"7897e8f\" data-element_type=\"widget\" data-widget_type=\"text-editor.default\">\n\t\t\t\t<div class=\"elementor-widget-container\">\n\t\t\t\t\t\t\t<p>Los datos personales que hayamos obtenido se utilizar\u00e1n exclusivamente para los fines indicados en este Aviso de Privacidad, por lo que nos comprometemos a no divulgar la informaci\u00f3n personal a terceros no relacionados con los usos, servicios y productos antes se\u00f1alados. Todos los datos personales, mientras se encuentren bajo nuestro resguardo, ser\u00e1n tratados con absoluta seguridad y confidencialidad, y su protecci\u00f3n se realizar\u00e1 bajo las mismas normas con que se maneja la informaci\u00f3n propia.<\/p>\n<p>De conformidad con el Art\u00edculo 8 de la Ley Federal de Protecci\u00f3n de Datos Personales en Posesi\u00f3n de los Particulares, Usted estar\u00e1 dando su consentimiento t\u00e1cito para el tratamiento de sus datos personales si no manifiesta su oposici\u00f3n despu\u00e9s de poner a su alcance este Aviso de Privacidad<\/p>\t\t\t\t\t\t<\/div>\n\t\t\t\t<\/div>\n\t\t\t\t<div class=\"elementor-element elementor-element-b2a28a9 elementor-widget elementor-widget-heading\" data-id=\"b2a28a9\" data-element_type=\"widget\" data-widget_type=\"heading.default\">\n\t\t\t\t<div class=\"elementor-widget-container\">\n\t\t\t<h2 class=\"elementor-heading-title elementor-size-default\">Transferencia y remisi\u00f3n de datos personales.<\/h2>\t\t<\/div>\n\t\t\t\t<\/div>\n\t\t\t\t<div class=\"elementor-element elementor-element-be4ead8 elementor-widget elementor-widget-text-editor\" data-id=\"be4ead8\" data-element_type=\"widget\" data-widget_type=\"text-editor.default\">\n\t\t\t\t<div class=\"elementor-widget-container\">\n\t\t\t\t\t\t\t<p>Los datos personales recabados para la cotizaci\u00f3n, solicitud, renovaci\u00f3n y\/o modificaci\u00f3n de sus contratos ser\u00e1n transferidos a las instituciones de seguros o de fianzas que corresponda, para que \u00e9stas puedan resolver sobre tales cotizaciones o solicitudes de aseguramiento o afianzamiento; realizada dicha transferencia la instituci\u00f3n de seguros o de fianzas que corresponda ser\u00e1 la responsable del tratamiento y resguardo de sus datos personales, por lo que es importante que Usted revise tambi\u00e9n el Aviso de Privacidad de la instituci\u00f3n de seguros o de fianzas respecto de la cual haya solicitado u obtenido alg\u00fan producto en particular<\/p>\t\t\t\t\t\t<\/div>\n\t\t\t\t<\/div>\n\t\t\t\t<div class=\"elementor-element elementor-element-dd1d576 elementor-widget elementor-widget-heading\" data-id=\"dd1d576\" data-element_type=\"widget\" data-widget_type=\"heading.default\">\n\t\t\t\t<div class=\"elementor-widget-container\">\n\t\t\t<h2 class=\"elementor-heading-title elementor-size-default\">Revocaci\u00f3n del consentimiento para tratar sus datos personales.<\/h2>\t\t<\/div>\n\t\t\t\t<\/div>\n\t\t\t\t<div class=\"elementor-element elementor-element-2f185ad elementor-widget elementor-widget-text-editor\" data-id=\"2f185ad\" data-element_type=\"widget\" data-widget_type=\"text-editor.default\">\n\t\t\t\t<div class=\"elementor-widget-container\">\n\t\t\t\t\t\t\t<p>En cualquier momento Usted podr\u00e1 revocar el consentimiento que nos ha otorgado para el tratamiento de sus datos personales, a fin de que dejemos de hacer uso de los mismos. Para ello nos lo deber\u00e1 comunicar mediante escrito donde se\u00f1ale dicha revocaci\u00f3n, que adem\u00e1s contenga: A) Su nombre completo, B) Copia de su identificaci\u00f3n, C) Tel\u00e9fono(s) y D) Direcci\u00f3n f\u00edsica o electr\u00f3nica donde podremos notificarle la respuesta, misma que no podr\u00e1 exceder de un plazo de 20 d\u00edas h\u00e1biles a partir de aqu\u00e9l en que se haya recibido su solicitud escrita.<\/p>\n<p>En caso de presentar el escrito a trav\u00e9s de su representante legal, deber\u00e1n acompa\u00f1arse, adem\u00e1s: E) Copia de la identificaci\u00f3n de su representante legal y F) Copia del documento que acredite dicha representaci\u00f3n, que podr\u00e1 ser instrumento p\u00fablico o carta poder con la firma de dos testigos.<\/p>\n<p>El escrito, en uni\u00f3n de las copias correspondientes, nos lo puede hacer llegar:<\/p>\n<ul>\n<li>A nuestro domicilio, se\u00f1alado al principio de este Aviso de Privacidad.<\/li>\n<li>Mediante correo electr\u00f3nico dirigido a nuestro responsable de datos personales, a la direcci\u00f3n\u00a0 admin@miklatam.com.<\/li>\n<\/ul>\n<p>Para cualquier duda o aclaraci\u00f3n, puede comunicarse al tel\u00e9fono 4429807547 y\/o 7775008044, con nuestro Responsable de Datos Personales, quien lo atender\u00e1 y orientar\u00e1 al respecto.<\/p>\t\t\t\t\t\t<\/div>\n\t\t\t\t<\/div>\n\t\t\t\t<div class=\"elementor-element elementor-element-11803c6 elementor-widget elementor-widget-heading\" data-id=\"11803c6\" data-element_type=\"widget\" data-widget_type=\"heading.default\">\n\t\t\t\t<div class=\"elementor-widget-container\">\n\t\t\t<h2 class=\"elementor-heading-title elementor-size-default\">Derechos ARCO (Acceso, Rectificaci\u00f3n, Cancelaci\u00f3n, Oposici\u00f3n).<\/h2>\t\t<\/div>\n\t\t\t\t<\/div>\n\t\t\t\t<div class=\"elementor-element elementor-element-4fdc819 elementor-widget elementor-widget-text-editor\" data-id=\"4fdc819\" data-element_type=\"widget\" data-widget_type=\"text-editor.default\">\n\t\t\t\t<div class=\"elementor-widget-container\">\n\t\t\t\t\t\t\t<p>Usted tiene los siguientes derechos:<\/p>\n<ul>\n<li>Acceder a sus datos personales que poseemos, a los de sus dependientes o a los de aquellas personas respecto de las cuales ejerce la patria potestad.<\/li>\n<li>Rectificar dichos datos personales en caso de ser inexactos o incompletos.<\/li>\n<li>Cancelar dichos datos personales cuando considere que no se requieren para alguna de las finalidades se\u00f1aladas en el presente Aviso de Privacidad, est\u00e9n siendo utilizados para finalidades no consentidas o haya finalizado la relaci\u00f3n contractual o del servicio solicitado.<\/li>\n<li>Oponerse al tratamiento de dichos datos personales para fines espec\u00edficos. Para ejercer cualquiera de estos derechos, nos lo deber\u00e1 comunicar mediante escrito donde se\u00f1ale el derecho que desea ejercer, que adem\u00e1s contenga: A) Su nombre completo, B) Copia de su identificaci\u00f3n, C) Tel\u00e9fono(s) y D) Direcci\u00f3n f\u00edsica o electr\u00f3nica donde podremos notificarle la respuesta, misma que no podr\u00e1 exceder de un plazo 20 d\u00edas h\u00e1biles a partir de aqu\u00e9l en que se haya recibido su solicitud escrita.<\/li>\n<li>Si presenta el escrito a trav\u00e9s de su representante legal, deber\u00e1n acompa\u00f1arse, adem\u00e1s: E) Copia de la identificaci\u00f3n de su representante legal y F) Copia del documento que acredite dicha representaci\u00f3n, que podr\u00e1 ser instrumento p\u00fablico o carta poder con firma de dos testigos.<\/li>\n<li>El escrito, en uni\u00f3n de las copias correspondientes, nos lo puede hacer llegar:<\/li>\n<li>A nuestro domicilio, se\u00f1alado al principio de este Aviso de Privacidad.<\/li>\n<li>Mediante correo electr\u00f3nico dirigido a nuestro responsable de datos personales, a la direcci\u00f3n admin@miklatam.com<\/li>\n<\/ul>\n<p>Trat\u00e1ndose del derecho de Acceso, se le entregar\u00e1 relaci\u00f3n completa, en forma de listado, de todos los datos personales que poseamos de Usted. Por su seguridad, esta informaci\u00f3n no se podr\u00e1 entregar a trav\u00e9s de correo electr\u00f3nico, por lo que ser\u00e1 necesario que Usted o su representante legal acudan a nuestra oficina para realizar esta entrega, previa identificaci\u00f3n mediante exhibici\u00f3n de los originales de los documentos de identificaci\u00f3n y, en su caso, del instrumento donde se haga constar la representaci\u00f3n legal.<\/p>\n<p>En el caso del derecho de Rectificaci\u00f3n, en su solicitud escrita deber\u00e1, adem\u00e1s, indicar el dato o datos a rectificar, acompa\u00f1ando copia de los documentos que respalden la rectificaci\u00f3n a realizar.<\/p>\n<p>Si se tratare del derecho de Oposici\u00f3n, entonces deber\u00e1 especificar los fines espec\u00edficos para los que opone el tratamiento de sus datos personales.<\/p>\n<p>Para cualquier duda o aclaraci\u00f3n, puede comunicarse al tel\u00e9fono 4429807547 y\/o 7775008044, con nuestro Responsable de Datos Personales, quien lo atender\u00e1 y orientar\u00e1 al respecto.<\/p>\t\t\t\t\t\t<\/div>\n\t\t\t\t<\/div>\n\t\t\t\t<div class=\"elementor-element elementor-element-cb5d474 elementor-widget elementor-widget-heading\" data-id=\"cb5d474\" data-element_type=\"widget\" data-widget_type=\"heading.default\">\n\t\t\t\t<div class=\"elementor-widget-container\">\n\t\t\t<h2 class=\"elementor-heading-title elementor-size-default\">Limitaci\u00f3n para el uso de sus datos personales.<\/h2>\t\t<\/div>\n\t\t\t\t<\/div>\n\t\t\t\t<div class=\"elementor-element elementor-element-8aa1617 elementor-widget elementor-widget-text-editor\" data-id=\"8aa1617\" data-element_type=\"widget\" data-widget_type=\"text-editor.default\">\n\t\t\t\t<div class=\"elementor-widget-container\">\n\t\t\t\t\t\t\t<p>Si Usted no desea recibir mensajes promocionales relativos a nuevos productos y coberturas, ni informaci\u00f3n adicional distinta de las finalidades que originan su relaci\u00f3n para con nosotros, cuenta con un plazo de 5 d\u00edas h\u00e1biles a partir de aqu\u00e9l en que se origina la relaci\u00f3n para manifestarnos su negativa mediante escrito donde se\u00f1ale dicha negativa, que adem\u00e1s contenga: A) Su nombre completo, B) Copia de su identificaci\u00f3n, C) Tel\u00e9fono(s) y D) Direcci\u00f3n f\u00edsica o electr\u00f3nica donde podremos notificarle la respuesta, misma que no podr\u00e1 exceder de un plazo 20 d\u00edas h\u00e1biles a partir de aqu\u00e9l en que se haya recibido su solicitud escrita.<\/p>\n<p>El escrito, en uni\u00f3n de las copias correspondientes, nos lo puede hacer llegar:<\/p>\n<ul>\n<li>A nuestro domicilio, se\u00f1alado al principio de este Aviso de Privacidad.<\/li>\n<li>Mediante correo electr\u00f3nico dirigido a nuestro responsable de datos personales, a la direcci\u00f3n\u00a0 \u00a0admin@miklatam.com.<\/li>\n<\/ul>\n<p>Para cualquier duda o aclaraci\u00f3n, puede comunicarse al tel\u00e9fono 4429807547 y\/o 7775008044, con nuestro Responsable de Datos Personales, quien lo atender\u00e1 y orientar\u00e1 al respecto.<\/p>\t\t\t\t\t\t<\/div>\n\t\t\t\t<\/div>\n\t\t\t\t<div class=\"elementor-element elementor-element-25e10aa elementor-widget elementor-widget-heading\" data-id=\"25e10aa\" data-element_type=\"widget\" data-widget_type=\"heading.default\">\n\t\t\t\t<div class=\"elementor-widget-container\">\n\t\t\t<h2 class=\"elementor-heading-title elementor-size-default\">Quejas y denuncias<\/h2>\t\t<\/div>\n\t\t\t\t<\/div>\n\t\t\t\t<div class=\"elementor-element elementor-element-ff4125e elementor-widget elementor-widget-text-editor\" data-id=\"ff4125e\" data-element_type=\"widget\" data-widget_type=\"text-editor.default\">\n\t\t\t\t<div class=\"elementor-widget-container\">\n\t\t\t\t\t\t\t<p>Si usted considera que su derecho a la protecci\u00f3n de datos personales ha sido vulnerado por nuestros empleados o nuestras actuaciones, podr\u00e1 interponer la queja o denuncia correspondiente ante el Instituto Federal de Acceso a la Informaci\u00f3n y Protecci\u00f3n de datos (IFAI). Para mayor informaci\u00f3n visite\u00a0<a href=\"http:\/\/www.ifai.org.mx\/\">www.ifai.org.mx<\/a>.\u00a0<\/p>\t\t\t\t\t\t<\/div>\n\t\t\t\t<\/div>\n\t\t\t\t<div class=\"elementor-element elementor-element-759c2bb elementor-widget elementor-widget-heading\" data-id=\"759c2bb\" data-element_type=\"widget\" data-widget_type=\"heading.default\">\n\t\t\t\t<div class=\"elementor-widget-container\">\n\t\t\t<h2 class=\"elementor-heading-title elementor-size-default\">Modificaciones al aviso de privacidad.<\/h2>\t\t<\/div>\n\t\t\t\t<\/div>\n\t\t\t\t<div class=\"elementor-element elementor-element-edefa4e elementor-widget elementor-widget-text-editor\" data-id=\"edefa4e\" data-element_type=\"widget\" data-widget_type=\"text-editor.default\">\n\t\t\t\t<div class=\"elementor-widget-container\">\n\t\t\t\t\t\t\t<p>Nos reservamos el derecho de actualizar o modificar, en cualquier momento, este Aviso de Privacidad. Estas modificaciones estar\u00e1n siempre disponibles a trav\u00e9s de nuestra p\u00e1gina de Internet.<\/p>\n<p>\u00daltima Versi\u00f3n \u2013 Diciembre\u00a0 2022<\/p>\t\t\t\t\t\t<\/div>\n\t\t\t\t<\/div>\n\t\t\t\t\t<\/div>\n\t\t<\/div>\n\t\t\t\t\t<\/div>\n\t\t<\/section>\n\t\t\t\t<\/div>\n\t\t","protected":false},"excerpt":{"rendered":"<p>Aviso de Privacidad Informaci\u00f3n del Responsable MEDIZINISCHE INSTRUMENTE KUNST:&nbsp;con domicilio en&nbsp;Jorge Negrete Numero 119, C\u00f3digo Postal 76180, Colonia La Joya, Quer\u00e9taro, Quer\u00e9taro, M\u00e9xico, es responsable del tratamiento, uso y protecci\u00f3n de los datos personales que Usted, directa o indirectamente, nos ha proporcionado. Informaci\u00f3n para&nbsp;Contactarnos: Domicilio:&nbsp;Jorge Negrete Numero 119, C\u00f3digo Postal 76180, Colonia La Joya, Quer\u00e9taro, [&hellip;]<\/p>\n","protected":false},"author":1,"featured_media":0,"parent":0,"menu_order":0,"comment_status":"closed","ping_status":"open","template":"","meta":{"_et_pb_use_builder":"","_et_pb_old_content":"","_et_gb_content_width":"","footnotes":""},"class_list":["post-3","page","type-page","status-publish","hentry"],"aioseo_notices":[],"_links":{"self":[{"href":"https:\/\/miklatam.com\/index.php\/wp-json\/wp\/v2\/pages\/3"}],"collection":[{"href":"https:\/\/miklatam.com\/index.php\/wp-json\/wp\/v2\/pages"}],"about":[{"href":"https:\/\/miklatam.com\/index.php\/wp-json\/wp\/v2\/types\/page"}],"author":[{"embeddable":true,"href":"https:\/\/miklatam.com\/index.php\/wp-json\/wp\/v2\/users\/1"}],"replies":[{"embeddable":true,"href":"https:\/\/miklatam.com\/index.php\/wp-json\/wp\/v2\/comments?post=3"}],"version-history":[{"count":11,"href":"https:\/\/miklatam.com\/index.php\/wp-json\/wp\/v2\/pages\/3\/revisions"}],"predecessor-version":[{"id":56,"href":"https:\/\/miklatam.com\/index.php\/wp-json\/wp\/v2\/pages\/3\/revisions\/56"}],"wp:attachment":[{"href":"https:\/\/miklatam.com\/index.php\/wp-json\/wp\/v2\/media?parent=3"}],"curies":[{"name":"wp","href":"https:\/\/api.w.org\/{rel}","templated":true}]}}